{"id":9425,"date":"2020-07-19T16:19:02","date_gmt":"2020-07-19T16:19:02","guid":{"rendered":"https:\/\/ai4sd.vnu.edu.vn\/?page_id=9425"},"modified":"2025-08-07T15:42:17","modified_gmt":"2025-08-07T08:42:17","slug":"edu","status":"publish","type":"page","link":"https:\/\/ai4sd.vnu.edu.vn\/vi\/edu\/","title":{"rendered":"Education"},"content":{"rendered":"<div data-elementor-type=\"wp-page\" data-elementor-id=\"9425\" class=\"elementor elementor-9425\" data-elementor-post-type=\"page\">\n\t\t\t\t<div class=\"elementor-element elementor-element-40b3cef e-flex e-con-boxed e-con e-parent\" data-id=\"40b3cef\" data-element_type=\"container\" data-e-type=\"container\">\n\t\t\t\t\t<div class=\"e-con-inner\">\n\t\t\t\t<div class=\"elementor-element elementor-element-068477d elementor-widget elementor-widget-text-editor\" data-id=\"068477d\" data-element_type=\"widget\" data-e-type=\"widget\" data-widget_type=\"text-editor.default\">\n\t\t\t\t\t\t\t\t\t<h1 data-start=\"116\" data-end=\"162\"><strong data-start=\"120\" data-end=\"162\">C\u00e1c Ch\u01b0\u01a1ng Tr\u00ecnh \u0110\u00e0o T\u1ea1o do VNU-AI4SD Cung C\u1ea5p<\/strong><\/h1><p data-start=\"164\" data-end=\"298\">VNU-AI4SD cung c\u1ea5p c\u00e1c ch\u01b0\u01a1ng tr\u00ecnh \u0111\u00e0o t\u1ea1o chuy\u00ean s\u00e2u v\u1ec1 \u1ee9ng d\u1ee5ng tr\u00ed tu\u1ec7 nh\u00e2n t\u1ea1o, \u0111\u01b0\u1ee3c thi\u1ebft k\u1ebf ph\u00f9 h\u1ee3p v\u1edbi t\u1eebng l\u0129nh v\u1ef1c c\u1ee5 th\u1ec3, bao g\u1ed3m:<\/p><ul data-start=\"300\" data-end=\"876\"><li data-start=\"300\" data-end=\"492\"><p data-start=\"302\" data-end=\"492\"><strong data-start=\"302\" data-end=\"341\">\u1ee8ng d\u1ee5ng AI trong Gi\u00e1o d\u1ee5c \u0110\u1ea1i h\u1ecdc<\/strong><br data-start=\"341\" data-end=\"344\" \/>T\u0103ng c\u01b0\u1eddng n\u0103ng l\u1ef1c cho gi\u1ea3ng vi\u00ean, c\u00e1n b\u1ed9 qu\u1ea3n l\u00fd v\u00e0 nh\u00e0 nghi\u00ean c\u1ee9u trong vi\u1ec7c t\u00edch h\u1ee3p AI v\u00e0o gi\u1ea3ng d\u1ea1y, \u0111\u00e1nh gi\u00e1, qu\u1ea3n l\u00fd v\u00e0 nghi\u00ean c\u1ee9u.<\/p><\/li><li data-start=\"494\" data-end=\"673\"><p data-start=\"496\" data-end=\"673\"><strong data-start=\"496\" data-end=\"536\">\u1ee8ng d\u1ee5ng AI trong Gi\u00e1o d\u1ee5c Ph\u1ed5 th\u00f4ng<\/strong><br data-start=\"536\" data-end=\"539\" \/>C\u00e1c ch\u01b0\u01a1ng tr\u00ecnh \u0111\u00e0o t\u1ea1o d\u00e0nh cho gi\u00e1o vi\u00ean v\u00e0 c\u00e1n b\u1ed9 qu\u1ea3n l\u00fd tr\u01b0\u1eddng ph\u1ed5 th\u00f4ng v\u1ec1 ki\u1ebfn th\u1ee9c c\u01a1 b\u1ea3n v\u1ec1 AI, ph\u01b0\u01a1ng ph\u00e1p gi\u1ea3ng d\u1ea1y v\u1edbi c\u00e1c c\u00f4ng c\u1ee5 AI, v\u00e0 ph\u00e1t tri\u1ec3n t\u01b0 duy t\u00ednh to\u00e1n cho h\u1ecdc sinh.<\/p><\/li><li data-start=\"675\" data-end=\"876\"><p data-start=\"677\" data-end=\"876\"><strong data-start=\"677\" data-end=\"721\">\u1ee8ng d\u1ee5ng AI trong Doanh nghi\u1ec7p v\u00e0 C\u00f4ng nghi\u1ec7p<\/strong><br data-start=\"721\" data-end=\"724\" \/>\u0110\u00e0o t\u1ea1o th\u1ef1c ti\u1ec5n d\u00e0nh cho qu\u1ea3n l\u00fd, k\u1ef9 s\u01b0 v\u00e0 nh\u00e2n s\u1ef1 k\u1ef9 thu\u1eadt v\u1ec1 c\u00e1ch \u1ee9ng d\u1ee5ng AI trong s\u1ea3n xu\u1ea5t, logistics, d\u1ecbch v\u1ee5 kh\u00e1ch h\u00e0ng v\u00e0 chuy\u1ec3n \u0111\u1ed5i s\u1ed1.<\/p><\/li><\/ul>\t\t\t\t\t\t\t\t<\/div>\n\t\t\t\t\t<\/div>\n\t\t\t\t<\/div>\n\t\t<div class=\"elementor-element elementor-element-a95b75d e-flex e-con-boxed e-con e-parent\" data-id=\"a95b75d\" data-element_type=\"container\" data-e-type=\"container\">\n\t\t\t\t\t<div class=\"e-con-inner\">\n\t\t\t\t<div class=\"elementor-element elementor-element-ba35fbe elementor-grid-3 elementor-grid-tablet-2 elementor-grid-mobile-1 elementor-posts--thumbnail-top elementor-widget elementor-widget-posts\" data-id=\"ba35fbe\" data-element_type=\"widget\" data-e-type=\"widget\" data-settings=\"{&quot;classic_columns&quot;:&quot;3&quot;,&quot;classic_columns_tablet&quot;:&quot;2&quot;,&quot;classic_columns_mobile&quot;:&quot;1&quot;,&quot;classic_row_gap&quot;:{&quot;unit&quot;:&quot;px&quot;,&quot;size&quot;:35,&quot;sizes&quot;:[]},&quot;classic_row_gap_tablet&quot;:{&quot;unit&quot;:&quot;px&quot;,&quot;size&quot;:&quot;&quot;,&quot;sizes&quot;:[]},&quot;classic_row_gap_mobile&quot;:{&quot;unit&quot;:&quot;px&quot;,&quot;size&quot;:&quot;&quot;,&quot;sizes&quot;:[]}}\" data-widget_type=\"posts.classic\">\n\t\t\t\t<div class=\"elementor-widget-container\">\n\t\t\t\t\t\t\t<div class=\"elementor-posts-container elementor-posts elementor-posts--skin-classic elementor-grid\" role=\"list\">\n\t\t\t\t<article class=\"elementor-post elementor-grid-item post-20791 post type-post status-publish format-standard has-post-thumbnail hentry category-education category-news-events\" role=\"listitem\">\n\t\t\t\t<a class=\"elementor-post__thumbnail__link\" href=\"https:\/\/ai4sd.vnu.edu.vn\/vi\/tap-huan-ung-dung-tri-tue-nhan-tao-ai-trong-giang-day-kiem-tra-danh-gia\/\" tabindex=\"-1\" >\n\t\t\t<div class=\"elementor-post__thumbnail\"><img fetchpriority=\"high\" decoding=\"async\" width=\"768\" height=\"512\" src=\"https:\/\/i0.wp.com\/ai4sd.vnu.edu.vn\/wp-content\/uploads\/2025\/08\/IMG_1754017039991_1754022761505.jpg?fit=768%2C512&amp;ssl=1\" class=\"attachment-medium_large size-medium_large wp-image-20793\" alt=\"\" srcset=\"https:\/\/i0.wp.com\/ai4sd.vnu.edu.vn\/wp-content\/uploads\/2025\/08\/IMG_1754017039991_1754022761505.jpg?w=2560&amp;ssl=1 2560w, https:\/\/i0.wp.com\/ai4sd.vnu.edu.vn\/wp-content\/uploads\/2025\/08\/IMG_1754017039991_1754022761505.jpg?resize=300%2C200&amp;ssl=1 300w, https:\/\/i0.wp.com\/ai4sd.vnu.edu.vn\/wp-content\/uploads\/2025\/08\/IMG_1754017039991_1754022761505.jpg?resize=1030%2C687&amp;ssl=1 1030w, https:\/\/i0.wp.com\/ai4sd.vnu.edu.vn\/wp-content\/uploads\/2025\/08\/IMG_1754017039991_1754022761505.jpg?resize=768%2C512&amp;ssl=1 768w, https:\/\/i0.wp.com\/ai4sd.vnu.edu.vn\/wp-content\/uploads\/2025\/08\/IMG_1754017039991_1754022761505.jpg?resize=1536%2C1024&amp;ssl=1 1536w, https:\/\/i0.wp.com\/ai4sd.vnu.edu.vn\/wp-content\/uploads\/2025\/08\/IMG_1754017039991_1754022761505.jpg?resize=2048%2C1366&amp;ssl=1 2048w, https:\/\/i0.wp.com\/ai4sd.vnu.edu.vn\/wp-content\/uploads\/2025\/08\/IMG_1754017039991_1754022761505.jpg?resize=18%2C12&amp;ssl=1 18w\" sizes=\"(max-width: 768px) 100vw, 768px\" \/><\/div>\n\t\t<\/a>\n\t\t\t\t<div class=\"elementor-post__text\">\n\t\t\t\t<h3 class=\"elementor-post__title\">\n\t\t\t<a href=\"https:\/\/ai4sd.vnu.edu.vn\/vi\/tap-huan-ung-dung-tri-tue-nhan-tao-ai-trong-giang-day-kiem-tra-danh-gia\/\" >\n\t\t\t\tTr\u01b0\u1eddng \u0110\u1ea1i h\u1ecdc Ph\u00fa Y\u00ean t\u1ed5 ch\u1ee9c t\u1eadp hu\u1ea5n \u1ee9ng d\u1ee5ng tr\u00ed tu\u1ec7 nh\u00e2n t\u1ea1o trong gi\u1ea3ng d\u1ea1y, ki\u1ec3m tra v\u00e0 \u0111\u00e1nh gi\u00e1: H\u01b0\u1edbng \u0111\u1ebfn gi\u00e1o d\u1ee5c th\u00f4ng minh v\u00e0 ph\u00e1t tri\u1ec3n b\u1ec1n v\u1eefng\t\t\t<\/a>\n\t\t<\/h3>\n\t\t\t\t<div class=\"elementor-post__meta-data\">\n\t\t\t\t\t<span class=\"elementor-post-date\">\n\t\t\tTh\u00e1ng 8 2, 2025\t\t<\/span>\n\t\t\t\t<span class=\"elementor-post-time\">\n\t\t\t12:35 chi\u1ec1u\t\t<\/span>\n\t\t\t\t<\/div>\n\t\t\t\t<div class=\"elementor-post__excerpt\">\n\t\t\t<p>Trong b\u1ed1i c\u1ea3nh gi\u00e1o d\u1ee5c \u0111\u1ea1i h\u1ecdc kh\u00f4ng ng\u1eebng \u0111\u1ed5i m\u1edbi \u0111\u1ec3 \u0111\u00e1p \u1ee9ng y\u00eau c\u1ea7u h\u1ed9i nh\u1eadp qu\u1ed1c t\u1ebf<\/p>\n\t\t<\/div>\n\t\t\n\t\t<a class=\"elementor-post__read-more\" href=\"https:\/\/ai4sd.vnu.edu.vn\/vi\/tap-huan-ung-dung-tri-tue-nhan-tao-ai-trong-giang-day-kiem-tra-danh-gia\/\" aria-label=\"Read more about Tr\u01b0\u1eddng \u0110\u1ea1i h\u1ecdc Ph\u00fa Y\u00ean t\u1ed5 ch\u1ee9c t\u1eadp hu\u1ea5n \u1ee9ng d\u1ee5ng tr\u00ed tu\u1ec7 nh\u00e2n t\u1ea1o trong gi\u1ea3ng d\u1ea1y, ki\u1ec3m tra v\u00e0 \u0111\u00e1nh gi\u00e1: H\u01b0\u1edbng \u0111\u1ebfn gi\u00e1o d\u1ee5c th\u00f4ng minh v\u00e0 ph\u00e1t tri\u1ec3n b\u1ec1n v\u1eefng\" tabindex=\"-1\" >\n\t\t\tRead More \u00bb\t\t<\/a>\n\n\t\t\t\t<\/div>\n\t\t\t\t<\/article>\n\t\t\t\t<\/div>\n\t\t\n\t\t\t\t\t\t<\/div>\n\t\t\t\t<\/div>\n\t\t\t\t\t<\/div>\n\t\t\t\t<\/div>\n\t\t\t\t<\/div>","protected":false},"excerpt":{"rendered":"<p>Training Programs Offered by VNU-AI4SD VNU-AI4SD offers specialized training programs on the application of artificial intelligence tailored to different sectors, [&hellip;]<\/p>\n","protected":false},"author":14,"featured_media":0,"parent":0,"menu_order":0,"comment_status":"closed","ping_status":"closed","template":"elementor_header_footer","meta":{"site-sidebar-layout":"no-sidebar","site-content-layout":"plain-container","ast-site-content-layout":"default","site-content-style":"default","site-sidebar-style":"default","ast-global-header-display":"","ast-banner-title-visibility":"","ast-main-header-display":"","ast-hfb-above-header-display":"","ast-hfb-below-header-display":"","ast-hfb-mobile-header-display":"","site-post-title":"disabled","ast-breadcrumbs-content":"","ast-featured-img":"disabled","footer-sml-layout":"","ast-disable-related-posts":"","theme-transparent-header-meta":"default","adv-header-id-meta":"","stick-header-meta":"default","header-above-stick-meta":"","header-main-stick-meta":"","header-below-stick-meta":"","astra-migrate-meta-layouts":"set","ast-page-background-enabled":"default","ast-page-background-meta":{"desktop":{"background-color":"var(--ast-global-color-4)","background-image":"","background-repeat":"repeat","background-position":"center center","background-size":"auto","background-attachment":"scroll","background-type":"","background-media":"","overlay-type":"","overlay-color":"","overlay-opacity":"","overlay-gradient":""},"tablet":{"background-color":"","background-image":"","background-repeat":"repeat","background-position":"center center","background-size":"auto","background-attachment":"scroll","background-type":"","background-media":"","overlay-type":"","overlay-color":"","overlay-opacity":"","overlay-gradient":""},"mobile":{"background-color":"","background-image":"","background-repeat":"repeat","background-position":"center center","background-size":"auto","background-attachment":"scroll","background-type":"","background-media":"","overlay-type":"","overlay-color":"","overlay-opacity":"","overlay-gradient":""}},"ast-content-background-meta":{"desktop":{"background-color":"var(--ast-global-color-5)","background-image":"","background-repeat":"repeat","background-position":"center center","background-size":"auto","background-attachment":"scroll","background-type":"","background-media":"","overlay-type":"","overlay-color":"","overlay-opacity":"","overlay-gradient":""},"tablet":{"background-color":"var(--ast-global-color-5)","background-image":"","background-repeat":"repeat","background-position":"center center","background-size":"auto","background-attachment":"scroll","background-type":"","background-media":"","overlay-type":"","overlay-color":"","overlay-opacity":"","overlay-gradient":""},"mobile":{"background-color":"var(--ast-global-color-5)","background-image":"","background-repeat":"repeat","background-position":"center center","background-size":"auto","background-attachment":"scroll","background-type":"","background-media":"","overlay-type":"","overlay-color":"","overlay-opacity":"","overlay-gradient":""}},"jetpack_post_was_ever_published":false,"footnotes":""},"class_list":["post-9425","page","type-page","status-publish","hentry"],"yoast_head":"<!-- This site is optimized with the Yoast SEO plugin v27.1.1 - https:\/\/yoast.com\/product\/yoast-seo-wordpress\/ -->\n<title>Education - AI4SD<\/title>\n<meta name=\"robots\" content=\"index, follow, max-snippet:-1, max-image-preview:large, max-video-preview:-1\" \/>\n<link rel=\"canonical\" href=\"https:\/\/ai4sd.vnu.edu.vn\/vi\/edu\/\" \/>\n<meta property=\"og:locale\" content=\"vi_VN\" \/>\n<meta property=\"og:type\" content=\"article\" \/>\n<meta property=\"og:title\" content=\"Education - AI4SD\" \/>\n<meta property=\"og:description\" content=\"Training Programs Offered by VNU-AI4SD VNU-AI4SD offers specialized training programs on the application of artificial intelligence tailored to different sectors, [&hellip;]\" \/>\n<meta property=\"og:url\" content=\"https:\/\/ai4sd.vnu.edu.vn\/vi\/edu\/\" \/>\n<meta property=\"og:site_name\" content=\"AI4SD\" \/>\n<meta property=\"article:publisher\" content=\"https:\/\/www.facebook.com\/1fimo\" \/>\n<meta property=\"article:modified_time\" content=\"2025-08-07T08:42:17+00:00\" \/>\n<meta name=\"twitter:card\" content=\"summary_large_image\" \/>\n<meta name=\"twitter:label1\" content=\"\u01af\u1edbc t\u00ednh th\u1eddi gian \u0111\u1ecdc\" \/>\n\t<meta name=\"twitter:data1\" content=\"1 ph\u00fat\" \/>\n<script type=\"application\/ld+json\" class=\"yoast-schema-graph\">{\"@context\":\"https:\/\/schema.org\",\"@graph\":[{\"@type\":\"WebPage\",\"@id\":\"https:\/\/ai4sd.vnu.edu.vn\/edu\/\",\"url\":\"https:\/\/ai4sd.vnu.edu.vn\/edu\/\",\"name\":\"Education - AI4SD\",\"isPartOf\":{\"@id\":\"https:\/\/ai4sd.vnu.edu.vn\/#website\"},\"datePublished\":\"2020-07-19T16:19:02+00:00\",\"dateModified\":\"2025-08-07T08:42:17+00:00\",\"breadcrumb\":{\"@id\":\"https:\/\/ai4sd.vnu.edu.vn\/edu\/#breadcrumb\"},\"inLanguage\":\"vi\",\"potentialAction\":[{\"@type\":\"ReadAction\",\"target\":[\"https:\/\/ai4sd.vnu.edu.vn\/edu\/\"]}]},{\"@type\":\"BreadcrumbList\",\"@id\":\"https:\/\/ai4sd.vnu.edu.vn\/edu\/#breadcrumb\",\"itemListElement\":[{\"@type\":\"ListItem\",\"position\":1,\"name\":\"Home\",\"item\":\"https:\/\/ai4sd.vnu.edu.vn\/\"},{\"@type\":\"ListItem\",\"position\":2,\"name\":\"Education\"}]},{\"@type\":\"WebSite\",\"@id\":\"https:\/\/ai4sd.vnu.edu.vn\/#website\",\"url\":\"https:\/\/ai4sd.vnu.edu.vn\/\",\"name\":\"AI4SD\",\"description\":\"Research Institute for Artificial Intelligence Applications for Sustainable Development\",\"publisher\":{\"@id\":\"https:\/\/ai4sd.vnu.edu.vn\/#organization\"},\"potentialAction\":[{\"@type\":\"SearchAction\",\"target\":{\"@type\":\"EntryPoint\",\"urlTemplate\":\"https:\/\/ai4sd.vnu.edu.vn\/?s={search_term_string}\"},\"query-input\":{\"@type\":\"PropertyValueSpecification\",\"valueRequired\":true,\"valueName\":\"search_term_string\"}}],\"inLanguage\":\"vi\"},{\"@type\":\"Organization\",\"@id\":\"https:\/\/ai4sd.vnu.edu.vn\/#organization\",\"name\":\"AI4SD\",\"url\":\"https:\/\/ai4sd.vnu.edu.vn\/\",\"logo\":{\"@type\":\"ImageObject\",\"inLanguage\":\"vi\",\"@id\":\"https:\/\/ai4sd.vnu.edu.vn\/#\/schema\/logo\/image\/\",\"url\":\"https:\/\/i0.wp.com\/ai4sd.vnu.edu.vn\/wp-content\/uploads\/2018\/11\/fimo-logo.png?fit=336%2C109&ssl=1\",\"contentUrl\":\"https:\/\/i0.wp.com\/ai4sd.vnu.edu.vn\/wp-content\/uploads\/2018\/11\/fimo-logo.png?fit=336%2C109&ssl=1\",\"width\":336,\"height\":109,\"caption\":\"AI4SD\"},\"image\":{\"@id\":\"https:\/\/ai4sd.vnu.edu.vn\/#\/schema\/logo\/image\/\"},\"sameAs\":[\"https:\/\/www.facebook.com\/1fimo\",\"https:\/\/www.linkedin.com\/company\/fimojsc\/\"]}]}<\/script>\n<!-- \/ Yoast SEO plugin. -->","yoast_head_json":{"title":"Education - AI4SD","robots":{"index":"index","follow":"follow","max-snippet":"max-snippet:-1","max-image-preview":"max-image-preview:large","max-video-preview":"max-video-preview:-1"},"canonical":"https:\/\/ai4sd.vnu.edu.vn\/vi\/edu\/","og_locale":"vi_VN","og_type":"article","og_title":"Education - AI4SD","og_description":"Training Programs Offered by VNU-AI4SD VNU-AI4SD offers specialized training programs on the application of artificial intelligence tailored to different sectors, [&hellip;]","og_url":"https:\/\/ai4sd.vnu.edu.vn\/vi\/edu\/","og_site_name":"AI4SD","article_publisher":"https:\/\/www.facebook.com\/1fimo","article_modified_time":"2025-08-07T08:42:17+00:00","twitter_card":"summary_large_image","twitter_misc":{"\u01af\u1edbc t\u00ednh th\u1eddi gian \u0111\u1ecdc":"1 ph\u00fat"},"schema":{"@context":"https:\/\/schema.org","@graph":[{"@type":"WebPage","@id":"https:\/\/ai4sd.vnu.edu.vn\/edu\/","url":"https:\/\/ai4sd.vnu.edu.vn\/edu\/","name":"Education - AI4SD","isPartOf":{"@id":"https:\/\/ai4sd.vnu.edu.vn\/#website"},"datePublished":"2020-07-19T16:19:02+00:00","dateModified":"2025-08-07T08:42:17+00:00","breadcrumb":{"@id":"https:\/\/ai4sd.vnu.edu.vn\/edu\/#breadcrumb"},"inLanguage":"vi","potentialAction":[{"@type":"ReadAction","target":["https:\/\/ai4sd.vnu.edu.vn\/edu\/"]}]},{"@type":"BreadcrumbList","@id":"https:\/\/ai4sd.vnu.edu.vn\/edu\/#breadcrumb","itemListElement":[{"@type":"ListItem","position":1,"name":"Home","item":"https:\/\/ai4sd.vnu.edu.vn\/"},{"@type":"ListItem","position":2,"name":"Education"}]},{"@type":"WebSite","@id":"https:\/\/ai4sd.vnu.edu.vn\/#website","url":"https:\/\/ai4sd.vnu.edu.vn\/","name":"AI4SD","description":"Research Institute for Artificial Intelligence Applications for Sustainable Development","publisher":{"@id":"https:\/\/ai4sd.vnu.edu.vn\/#organization"},"potentialAction":[{"@type":"SearchAction","target":{"@type":"EntryPoint","urlTemplate":"https:\/\/ai4sd.vnu.edu.vn\/?s={search_term_string}"},"query-input":{"@type":"PropertyValueSpecification","valueRequired":true,"valueName":"search_term_string"}}],"inLanguage":"vi"},{"@type":"Organization","@id":"https:\/\/ai4sd.vnu.edu.vn\/#organization","name":"AI4SD","url":"https:\/\/ai4sd.vnu.edu.vn\/","logo":{"@type":"ImageObject","inLanguage":"vi","@id":"https:\/\/ai4sd.vnu.edu.vn\/#\/schema\/logo\/image\/","url":"https:\/\/i0.wp.com\/ai4sd.vnu.edu.vn\/wp-content\/uploads\/2018\/11\/fimo-logo.png?fit=336%2C109&ssl=1","contentUrl":"https:\/\/i0.wp.com\/ai4sd.vnu.edu.vn\/wp-content\/uploads\/2018\/11\/fimo-logo.png?fit=336%2C109&ssl=1","width":336,"height":109,"caption":"AI4SD"},"image":{"@id":"https:\/\/ai4sd.vnu.edu.vn\/#\/schema\/logo\/image\/"},"sameAs":["https:\/\/www.facebook.com\/1fimo","https:\/\/www.linkedin.com\/company\/fimojsc\/"]}]}},"jetpack_sharing_enabled":true,"_links":{"self":[{"href":"https:\/\/ai4sd.vnu.edu.vn\/vi\/wp-json\/wp\/v2\/pages\/9425","targetHints":{"allow":["GET"]}}],"collection":[{"href":"https:\/\/ai4sd.vnu.edu.vn\/vi\/wp-json\/wp\/v2\/pages"}],"about":[{"href":"https:\/\/ai4sd.vnu.edu.vn\/vi\/wp-json\/wp\/v2\/types\/page"}],"author":[{"embeddable":true,"href":"https:\/\/ai4sd.vnu.edu.vn\/vi\/wp-json\/wp\/v2\/users\/14"}],"replies":[{"embeddable":true,"href":"https:\/\/ai4sd.vnu.edu.vn\/vi\/wp-json\/wp\/v2\/comments?post=9425"}],"version-history":[{"count":0,"href":"https:\/\/ai4sd.vnu.edu.vn\/vi\/wp-json\/wp\/v2\/pages\/9425\/revisions"}],"wp:attachment":[{"href":"https:\/\/ai4sd.vnu.edu.vn\/vi\/wp-json\/wp\/v2\/media?parent=9425"}],"curies":[{"name":"wp","href":"https:\/\/api.w.org\/{rel}","templated":true}]}}